{"id":416,"date":"2024-07-11T10:06:02","date_gmt":"2024-07-11T07:06:02","guid":{"rendered":"https:\/\/turulvilla.ro\/?page_id=416"},"modified":"2024-12-09T13:29:09","modified_gmt":"2024-12-09T11:29:09","slug":"tortenet","status":"publish","type":"page","link":"https:\/\/turulvilla.ro\/hu\/tortenet\/","title":{"rendered":"T\u00f6rt\u00e9net"},"content":{"rendered":"\t\t<div data-elementor-type=\"wp-page\" data-elementor-id=\"416\" class=\"elementor elementor-416\" data-elementor-post-type=\"page\">\n\t\t\t\t<div class=\"elementor-element elementor-element-b793ade e-flex e-con-boxed e-con e-parent\" data-id=\"b793ade\" data-element_type=\"container\" data-e-type=\"container\" data-settings=\"{&quot;background_background&quot;:&quot;classic&quot;}\">\n\t\t\t\t\t<div class=\"e-con-inner\">\n\t\t\t\t<div class=\"elementor-element elementor-element-7a0880b elementor-widget__width-auto elementor-invisible elementor-widget elementor-widget-heading\" data-id=\"7a0880b\" data-element_type=\"widget\" data-e-type=\"widget\" data-settings=\"{&quot;_animation&quot;:&quot;fadeInLeft&quot;}\" data-widget_type=\"heading.default\">\n\t\t\t\t<div class=\"elementor-widget-container\">\n\t\t\t\t\t<h2 class=\"elementor-heading-title elementor-size-default\">T\u00f6rt\u00e9net<\/h2>\t\t\t\t<\/div>\n\t\t\t\t<\/div>\n\t\t\t\t\t<\/div>\n\t\t\t\t<\/div>\n\t\t<div class=\"elementor-element elementor-element-9ec820e e-flex e-con-boxed e-con e-parent\" data-id=\"9ec820e\" data-element_type=\"container\" data-e-type=\"container\" data-settings=\"{&quot;background_background&quot;:&quot;gradient&quot;}\">\n\t\t\t\t\t<div class=\"e-con-inner\">\n\t\t<div class=\"elementor-element elementor-element-b3d038a e-con-full e-flex e-con e-child\" data-id=\"b3d038a\" data-element_type=\"container\" data-e-type=\"container\">\n\t\t\t\t<div class=\"elementor-element elementor-element-23210ac elementor-widget__width-initial elementor-absolute elementor-invisible elementor-widget elementor-widget-image\" data-id=\"23210ac\" data-element_type=\"widget\" data-e-type=\"widget\" data-settings=\"{&quot;_position&quot;:&quot;absolute&quot;,&quot;_animation&quot;:&quot;slideInUp&quot;}\" data-widget_type=\"image.default\">\n\t\t\t\t<div class=\"elementor-widget-container\">\n\t\t\t\t\t\t\t\t\t\t\t\t\t\t\t<img fetchpriority=\"high\" decoding=\"async\" width=\"800\" height=\"494\" src=\"https:\/\/turulvilla.ro\/wp-content\/uploads\/2024\/07\/tortenet-5-e1721823721969.webp\" class=\"attachment-full size-full wp-image-2294\" alt=\"\" srcset=\"https:\/\/turulvilla.ro\/wp-content\/uploads\/2024\/07\/tortenet-5-e1721823721969.webp 800w, https:\/\/turulvilla.ro\/wp-content\/uploads\/2024\/07\/tortenet-5-e1721823721969-300x185.webp 300w, https:\/\/turulvilla.ro\/wp-content\/uploads\/2024\/07\/tortenet-5-e1721823721969-768x474.webp 768w\" sizes=\"(max-width: 800px) 100vw, 800px\" \/>\t\t\t\t\t\t\t\t\t\t\t\t\t\t\t<\/div>\n\t\t\t\t<\/div>\n\t\t\t\t<div class=\"elementor-element elementor-element-050fc94 elementor-widget elementor-widget-image\" data-id=\"050fc94\" data-element_type=\"widget\" data-e-type=\"widget\" data-widget_type=\"image.default\">\n\t\t\t\t<div class=\"elementor-widget-container\">\n\t\t\t\t\t\t\t\t\t\t\t\t\t\t\t<img decoding=\"async\" width=\"800\" height=\"550\" src=\"https:\/\/turulvilla.ro\/wp-content\/uploads\/2024\/07\/tortenet4.webp\" class=\"attachment-full size-full wp-image-2291\" alt=\"\" srcset=\"https:\/\/turulvilla.ro\/wp-content\/uploads\/2024\/07\/tortenet4.webp 800w, https:\/\/turulvilla.ro\/wp-content\/uploads\/2024\/07\/tortenet4-300x206.webp 300w, https:\/\/turulvilla.ro\/wp-content\/uploads\/2024\/07\/tortenet4-768x528.webp 768w\" sizes=\"(max-width: 800px) 100vw, 800px\" \/>\t\t\t\t\t\t\t\t\t\t\t\t\t\t\t<\/div>\n\t\t\t\t<\/div>\n\t\t\t\t<\/div>\n\t\t<div class=\"elementor-element elementor-element-e8ec2f6 e-con-full e-flex e-con e-child\" data-id=\"e8ec2f6\" data-element_type=\"container\" data-e-type=\"container\">\n\t\t\t\t<div class=\"elementor-element elementor-element-007c25d elementor-widget elementor-widget-heading\" data-id=\"007c25d\" data-element_type=\"widget\" data-e-type=\"widget\" data-widget_type=\"heading.default\">\n\t\t\t\t<div class=\"elementor-widget-container\">\n\t\t\t\t\t<h2 class=\"elementor-heading-title elementor-size-default\">Turul Villa<\/h2>\t\t\t\t<\/div>\n\t\t\t\t<\/div>\n\t\t\t\t<div class=\"elementor-element elementor-element-0a8789c elementor-widget elementor-widget-heading\" data-id=\"0a8789c\" data-element_type=\"widget\" data-e-type=\"widget\" data-widget_type=\"heading.default\">\n\t\t\t\t<div class=\"elementor-widget-container\">\n\t\t\t\t\t<h2 class=\"elementor-heading-title elementor-size-default\">Az \u00e9p\u00fclet t\u00f6rt\u00e9nete<\/h2>\t\t\t\t<\/div>\n\t\t\t\t<\/div>\n\t\t\t\t<div class=\"elementor-element elementor-element-2f0d024 elementor-drop-cap-yes elementor-drop-cap-view-default elementor-widget elementor-widget-text-editor\" data-id=\"2f0d024\" data-element_type=\"widget\" data-e-type=\"widget\" data-settings=\"{&quot;drop_cap&quot;:&quot;yes&quot;}\" data-widget_type=\"text-editor.default\">\n\t\t\t\t<div class=\"elementor-widget-container\">\n\t\t\t\t\t\t\t\t\t<p>A XIX. sz\u00e1zad fordul\u00f3j\u00e1n, az Aranypatak kisz\u00e1radt v\u00f6lgy\u00e9nek hely\u00e9n, a mai R\u00f3zs\u00e1k \u00fatj\u00e1nak Medve-t\u00f3 k\u00f6zeli szakasz\u00e1n \u00e9p\u00fcltek Szov\u00e1ta-f\u00fcrd\u0151telep legszebb mag\u00e1nvill\u00e1i.<br \/>A Szov\u00e1ta arculat\u00e1t meghat\u00e1roz\u00f3 \u00e9p\u00fcletek k\u00f6z\u00fcl a Dessewffy-villa nemzeti romantikus st\u00edlusban, falazott szerkezettel \u00e9s fa f\u00f6d\u00e9mmel, 1906-ban \u00e9p\u00fclt.<br \/>A villa els\u0151 tulajdonosa, \u00e9p\u00edttet\u0151je Dessewffy Arisztid volt.<br \/>1930 ut\u00e1n ker\u00fclt Albert Klein szebeni tan\u00e1r tulajdon\u00e1ba az ingatlan, amit 1947-ben \u00e1llamos\u00edtottak \u00e9s csak a 90&#8242;-es \u00e9vek elej\u00e9n adtak vissza. A Klein csal\u00e1d az \u00e9p\u00fcletet t\u00f6bbsz\u00f6r m\u00f3dos\u00edtotta. Az \u00e9p\u00fcletet \u00e9vtizedeken \u00e1t panzi\u00f3k\u00e9nt \u00fczemeltett\u00e9k.<br \/>2018 tavasz\u00e1n egy magyar csal\u00e1d v\u00e1s\u00e1rolta meg, az akkora m\u00e1r leromlott \u00e1llapot\u00fa ingatlant.<br \/>2021 \u0151sz\u00e9n megkezd\u0151d\u00f6tt a villa \u00e9s k\u00f6rnyezet\u00e9nek fel\u00faj\u00edt\u00e1sa, korszer\u0171s\u00edt\u00e9se az \u00e9rt\u00e9kmeg\u0151rz\u00e9s szellem\u00e9ben, a mai kor elv\u00e1r\u00e1saival \u00f6sszehangoltan.<br \/>2024 augusztus\u00e1ban TURUL VILLA n\u00e9ven megnyit\u00f3 4 csillagos sz\u00e1ll\u00e1shely, az ig\u00e9nyesen fel\u00faj\u00edtott \u00e9s eleg\u00e1nsan berendezett villa-\u00e9p\u00fcletben, 7 szob\u00e1val \u00e9s 7 apartmannal, \u00f6sszesen 40 f\u0151 r\u00e9sz\u00e9re k\u00edn\u00e1l kellemes id\u0151t\u00f6lt\u00e9st \u00e9s v\u00e1rja vend\u00e9geit.<\/p>\t\t\t\t\t\t\t\t<\/div>\n\t\t\t\t<\/div>\n\t\t\t\t<\/div>\n\t\t\t\t\t<\/div>\n\t\t\t\t<\/div>\n\t\t<div class=\"elementor-element elementor-element-1841d55 e-flex e-con-boxed e-con e-parent\" data-id=\"1841d55\" data-element_type=\"container\" data-e-type=\"container\">\n\t\t\t\t\t<div class=\"e-con-inner\">\n\t\t<div class=\"elementor-element elementor-element-701ea2b e-con-full e-flex e-con e-child\" data-id=\"701ea2b\" data-element_type=\"container\" data-e-type=\"container\">\n\t\t\t\t<div class=\"elementor-element elementor-element-37b6b8b elementor-widget elementor-widget-heading\" data-id=\"37b6b8b\" data-element_type=\"widget\" data-e-type=\"widget\" data-widget_type=\"heading.default\">\n\t\t\t\t<div class=\"elementor-widget-container\">\n\t\t\t\t\t<h2 class=\"elementor-heading-title elementor-size-default\">Szolg\u00e1ltat\u00e1saink<\/h2>\t\t\t\t<\/div>\n\t\t\t\t<\/div>\n\t\t\t\t<div class=\"elementor-element elementor-element-3ea6ccf elementor-widget elementor-widget-heading\" data-id=\"3ea6ccf\" data-element_type=\"widget\" data-e-type=\"widget\" data-widget_type=\"heading.default\">\n\t\t\t\t<div class=\"elementor-widget-container\">\n\t\t\t\t\t<h2 class=\"elementor-heading-title elementor-size-default\">K\u00e9nyelem \u00e9s kikapcsol\u00f3d\u00e1s<\/h2>\t\t\t\t<\/div>\n\t\t\t\t<\/div>\n\t\t\t\t<div class=\"elementor-element elementor-element-ca18558 elementor-widget__width-initial elementor-widget elementor-widget-text-editor\" data-id=\"ca18558\" data-element_type=\"widget\" data-e-type=\"widget\" data-widget_type=\"text-editor.default\">\n\t\t\t\t<div class=\"elementor-widget-container\">\n\t\t\t\t\t\t\t\t\t<p>K\u00e9nyelmi szolg\u00e1ltat\u00e1saink sz\u00e9les v\u00e1laszt\u00e9ka garant\u00e1lja, hogy minden vend\u00e9g\u00fcnk megtal\u00e1lja a sz\u00e1m\u00e1ra legmegfelel\u0151bb pihen\u00e9si form\u00e1t. Fedezze fel vel\u00fcnk a reggeli hangulatos \u00edzeit, \u00e9lvezze a jacuzzi \u00e9s infra szauna \u00e1ltal ny\u00fajtott relax\u00e1ci\u00f3t, valamint laz\u00edtson a napoz\u00f3 teraszon. Biztos\u00edtjuk ingyenes parkol\u00e1si lehet\u0151s\u00e9g\u00fcnket, \u00e9s gyermekeink sz\u00e1m\u00e1ra j\u00e1tsz\u00f3teret.<\/p>\t\t\t\t\t\t\t\t<\/div>\n\t\t\t\t<\/div>\n\t\t\t\t<div class=\"elementor-element elementor-element-2de53fb elementor-widget-divider--view-line_icon elementor-view-default elementor-widget-divider--element-align-center elementor-widget elementor-widget-divider\" data-id=\"2de53fb\" data-element_type=\"widget\" data-e-type=\"widget\" data-widget_type=\"divider.default\">\n\t\t\t\t<div class=\"elementor-widget-container\">\n\t\t\t\t\t\t\t<div class=\"elementor-divider\">\n\t\t\t<span class=\"elementor-divider-separator\">\n\t\t\t\t\t\t\t<div class=\"elementor-icon elementor-divider__element\">\n\t\t\t\t\t<i aria-hidden=\"true\" class=\"icon icon-flower\"><\/i><\/div>\n\t\t\t\t\t\t<\/span>\n\t\t<\/div>\n\t\t\t\t\t\t<\/div>\n\t\t\t\t<\/div>\n\t\t<div class=\"elementor-element elementor-element-a018fc1 e-con-full e-flex e-con e-child\" data-id=\"a018fc1\" data-element_type=\"container\" data-e-type=\"container\">\n\t\t\t\t<div class=\"elementor-element elementor-element-b4d9e95 elementor-position-top elementor-widget elementor-widget-image-box\" data-id=\"b4d9e95\" data-element_type=\"widget\" data-e-type=\"widget\" data-widget_type=\"image-box.default\">\n\t\t\t\t<div class=\"elementor-widget-container\">\n\t\t\t\t\t<div class=\"elementor-image-box-wrapper\"><figure class=\"elementor-image-box-img\"><img decoding=\"async\" width=\"256\" height=\"256\" src=\"https:\/\/turulvilla.ro\/wp-content\/uploads\/2024\/07\/jacuzzi.png\" class=\"elementor-animation-float attachment-full size-full wp-image-213\" alt=\"\" srcset=\"https:\/\/turulvilla.ro\/wp-content\/uploads\/2024\/07\/jacuzzi.png 256w, https:\/\/turulvilla.ro\/wp-content\/uploads\/2024\/07\/jacuzzi-150x150.png 150w\" sizes=\"(max-width: 256px) 100vw, 256px\" \/><\/figure><div class=\"elementor-image-box-content\"><h3 class=\"elementor-image-box-title\">Jacuzzi<\/h3><p class=\"elementor-image-box-description\">SPA haszn\u00e1lat opcion\u00e1lis +50 RON \/ f\u0151 \/ nap.<br>Laz\u00edtson \u00e9s \u00e9lvezze a k\u00e9nyeztet\u0151 \u00e9lm\u00e9nyt jacuzzinkban, ahol t\u00f6k\u00e9letes relax\u00e1ci\u00f3 v\u00e1rja.<\/p><\/div><\/div>\t\t\t\t<\/div>\n\t\t\t\t<\/div>\n\t\t\t\t<div class=\"elementor-element elementor-element-4873dec elementor-position-top elementor-widget elementor-widget-image-box\" data-id=\"4873dec\" data-element_type=\"widget\" data-e-type=\"widget\" data-widget_type=\"image-box.default\">\n\t\t\t\t<div class=\"elementor-widget-container\">\n\t\t\t\t\t<div class=\"elementor-image-box-wrapper\"><figure class=\"elementor-image-box-img\"><img loading=\"lazy\" decoding=\"async\" width=\"256\" height=\"256\" src=\"https:\/\/turulvilla.ro\/wp-content\/uploads\/2024\/07\/sauna.png\" class=\"elementor-animation-float attachment-full size-full wp-image-214\" alt=\"\" srcset=\"https:\/\/turulvilla.ro\/wp-content\/uploads\/2024\/07\/sauna.png 256w, https:\/\/turulvilla.ro\/wp-content\/uploads\/2024\/07\/sauna-150x150.png 150w\" sizes=\"(max-width: 256px) 100vw, 256px\" \/><\/figure><div class=\"elementor-image-box-content\"><h3 class=\"elementor-image-box-title\">Infra szauna<\/h3><p class=\"elementor-image-box-description\">SPA haszn\u00e1lat opcion\u00e1lis +50 RON \/ f\u0151 \/ nap.<br>M\u00e9lyebb relax\u00e1ci\u00f3t \u00e9s fel\u00fcd\u00fcl\u00e9st ny\u00fajt infra szaun\u00e1nk, ide\u00e1lis hely a test \u00e9s l\u00e9lek regener\u00e1l\u00e1s\u00e1hoz.<\/p><\/div><\/div>\t\t\t\t<\/div>\n\t\t\t\t<\/div>\n\t\t\t\t<div class=\"elementor-element elementor-element-c6faa87 elementor-position-top elementor-widget elementor-widget-image-box\" data-id=\"c6faa87\" data-element_type=\"widget\" data-e-type=\"widget\" data-widget_type=\"image-box.default\">\n\t\t\t\t<div class=\"elementor-widget-container\">\n\t\t\t\t\t<div class=\"elementor-image-box-wrapper\"><figure class=\"elementor-image-box-img\"><img loading=\"lazy\" decoding=\"async\" width=\"256\" height=\"256\" src=\"https:\/\/turulvilla.ro\/wp-content\/uploads\/2024\/07\/playground.png\" class=\"elementor-animation-float attachment-full size-full wp-image-215\" alt=\"\" srcset=\"https:\/\/turulvilla.ro\/wp-content\/uploads\/2024\/07\/playground.png 256w, https:\/\/turulvilla.ro\/wp-content\/uploads\/2024\/07\/playground-150x150.png 150w\" sizes=\"(max-width: 256px) 100vw, 256px\" \/><\/figure><div class=\"elementor-image-box-content\"><h3 class=\"elementor-image-box-title\">J\u00e1tsz\u00f3t\u00e9r<\/h3><p class=\"elementor-image-box-description\">HAMAROSAN<br>Vid\u00e1m sz\u00f3rakoz\u00e1st k\u00edn\u00e1lunk a kisebbeknek j\u00e1tsz\u00f3t\u00e9r\u00fcnk\u00f6n, ahol \u00e9lm\u00e9nyekkel teli pillanatokban lehet r\u00e9sz\u00fck.<\/p><\/div><\/div>\t\t\t\t<\/div>\n\t\t\t\t<\/div>\n\t\t\t\t<div class=\"elementor-element elementor-element-0487631 elementor-position-top elementor-widget elementor-widget-image-box\" data-id=\"0487631\" data-element_type=\"widget\" data-e-type=\"widget\" data-widget_type=\"image-box.default\">\n\t\t\t\t<div class=\"elementor-widget-container\">\n\t\t\t\t\t<div class=\"elementor-image-box-wrapper\"><figure class=\"elementor-image-box-img\"><img loading=\"lazy\" decoding=\"async\" width=\"256\" height=\"256\" src=\"https:\/\/turulvilla.ro\/wp-content\/uploads\/2024\/07\/table.png\" class=\"elementor-animation-float attachment-full size-full wp-image-216\" alt=\"\" srcset=\"https:\/\/turulvilla.ro\/wp-content\/uploads\/2024\/07\/table.png 256w, https:\/\/turulvilla.ro\/wp-content\/uploads\/2024\/07\/table-150x150.png 150w\" sizes=\"(max-width: 256px) 100vw, 256px\" \/><\/figure><div class=\"elementor-image-box-content\"><h3 class=\"elementor-image-box-title\">Napoz\u00f3 terasz<\/h3><p class=\"elementor-image-box-description\">\u00c9lvezze a csendet \u00e9s a gy\u00f6ny\u00f6r\u0171 kil\u00e1t\u00e1st napoz\u00f3 teraszunkon, ahol t\u00f6k\u00e9letes pihen\u00e9sben lehet r\u00e9sze.<\/p><\/div><\/div>\t\t\t\t<\/div>\n\t\t\t\t<\/div>\n\t\t\t\t<\/div>\n\t\t\t\t<\/div>\n\t\t\t\t\t<\/div>\n\t\t\t\t<\/div>\n\t\t<div class=\"elementor-element elementor-element-1b1ec7d animated-fast e-flex e-con-boxed elementor-invisible e-con e-parent\" data-id=\"1b1ec7d\" data-element_type=\"container\" data-e-type=\"container\" data-settings=\"{&quot;background_background&quot;:&quot;classic&quot;,&quot;animation&quot;:&quot;slideInUp&quot;}\">\n\t\t\t\t\t<div class=\"e-con-inner\">\n\t\t\t\t<div class=\"elementor-element elementor-element-f7dbb97 elementor-widget__width-initial elementor-widget-tablet__width-initial elementor-widget elementor-widget-image\" data-id=\"f7dbb97\" data-element_type=\"widget\" data-e-type=\"widget\" data-widget_type=\"image.default\">\n\t\t\t\t<div class=\"elementor-widget-container\">\n\t\t\t\t\t\t\t\t\t\t\t\t\t\t\t<img loading=\"lazy\" decoding=\"async\" width=\"1080\" height=\"720\" src=\"https:\/\/turulvilla.ro\/wp-content\/uploads\/2024\/07\/tortenet7.webp\" class=\"attachment-full size-full wp-image-2313\" alt=\"\" srcset=\"https:\/\/turulvilla.ro\/wp-content\/uploads\/2024\/07\/tortenet7.webp 1080w, https:\/\/turulvilla.ro\/wp-content\/uploads\/2024\/07\/tortenet7-300x200.webp 300w, https:\/\/turulvilla.ro\/wp-content\/uploads\/2024\/07\/tortenet7-1024x683.webp 1024w, https:\/\/turulvilla.ro\/wp-content\/uploads\/2024\/07\/tortenet7-768x512.webp 768w\" sizes=\"(max-width: 1080px) 100vw, 1080px\" \/>\t\t\t\t\t\t\t\t\t\t\t\t\t\t\t<\/div>\n\t\t\t\t<\/div>\n\t\t<div class=\"elementor-element elementor-element-47ad22a e-con-full e-flex e-con e-child\" data-id=\"47ad22a\" data-element_type=\"container\" data-e-type=\"container\">\n\t\t\t\t<div class=\"elementor-element elementor-element-5dcc7fa elementor-widget elementor-widget-heading\" data-id=\"5dcc7fa\" data-element_type=\"widget\" data-e-type=\"widget\" data-widget_type=\"heading.default\">\n\t\t\t\t<div class=\"elementor-widget-container\">\n\t\t\t\t\t<h2 class=\"elementor-heading-title elementor-size-default\">Tapasztalja meg szem\u00e9lyesen a Turul Villa vend\u00e9gszeretet\u00e9t!<\/h2>\t\t\t\t<\/div>\n\t\t\t\t<\/div>\n\t\t\t\t<div class=\"elementor-element elementor-element-ccc44eb elementor-widget elementor-widget-text-editor\" data-id=\"ccc44eb\" data-element_type=\"widget\" data-e-type=\"widget\" data-widget_type=\"text-editor.default\">\n\t\t\t\t<div class=\"elementor-widget-container\">\n\t\t\t\t\t\t\t\t\t<p>Pihenjen egy igaz\u00e1n k\u00fcl\u00f6nleges helyen \u2013 v\u00e1rjuk szeretettel minden kedves vend\u00e9g\u00fcnket! Foglaljon most, \u00e9s \u00e9lvezze a kiv\u00e9teles szolg\u00e1ltat\u00e1sainkat.<\/p>\t\t\t\t\t\t\t\t<\/div>\n\t\t\t\t<\/div>\n\t\t<div class=\"elementor-element elementor-element-1709790 e-con-full e-flex e-con e-child\" data-id=\"1709790\" data-element_type=\"container\" data-e-type=\"container\">\n\t\t<div class=\"elementor-element elementor-element-e905266 e-con-full e-flex e-con e-child\" data-id=\"e905266\" data-element_type=\"container\" data-e-type=\"container\">\n\t\t\t\t<div class=\"elementor-element elementor-element-40be6d7 elementor-icon-list--layout-traditional elementor-list-item-link-full_width elementor-widget elementor-widget-icon-list\" data-id=\"40be6d7\" data-element_type=\"widget\" data-e-type=\"widget\" data-widget_type=\"icon-list.default\">\n\t\t\t\t<div class=\"elementor-widget-container\">\n\t\t\t\t\t\t\t<ul class=\"elementor-icon-list-items\">\n\t\t\t\t\t\t\t<li class=\"elementor-icon-list-item\">\n\t\t\t\t\t\t\t\t\t\t\t<a href=\"tel:0040365082041\">\n\n\t\t\t\t\t\t\t\t\t\t\t\t<span class=\"elementor-icon-list-icon\">\n\t\t\t\t\t\t\t<svg aria-hidden=\"true\" class=\"e-font-icon-svg e-fab-whatsapp\" viewBox=\"0 0 448 512\" xmlns=\"http:\/\/www.w3.org\/2000\/svg\"><path d=\"M380.9 97.1C339 55.1 283.2 32 223.9 32c-122.4 0-222 99.6-222 222 0 39.1 10.2 77.3 29.6 111L0 480l117.7-30.9c32.4 17.7 68.9 27 106.1 27h.1c122.3 0 224.1-99.6 224.1-222 0-59.3-25.2-115-67.1-157zm-157 341.6c-33.2 0-65.7-8.9-94-25.7l-6.7-4-69.8 18.3L72 359.2l-4.4-7c-18.5-29.4-28.2-63.3-28.2-98.2 0-101.7 82.8-184.5 184.6-184.5 49.3 0 95.6 19.2 130.4 54.1 34.8 34.9 56.2 81.2 56.1 130.5 0 101.8-84.9 184.6-186.6 184.6zm101.2-138.2c-5.5-2.8-32.8-16.2-37.9-18-5.1-1.9-8.8-2.8-12.5 2.8-3.7 5.6-14.3 18-17.6 21.8-3.2 3.7-6.5 4.2-12 1.4-32.6-16.3-54-29.1-75.5-66-5.7-9.8 5.7-9.1 16.3-30.3 1.8-3.7.9-6.9-.5-9.7-1.4-2.8-12.5-30.1-17.1-41.2-4.5-10.8-9.1-9.3-12.5-9.5-3.2-.2-6.9-.2-10.6-.2-3.7 0-9.7 1.4-14.8 6.9-5.1 5.6-19.4 19-19.4 46.3 0 27.3 19.9 53.7 22.6 57.4 2.8 3.7 39.1 59.7 94.8 83.8 35.2 15.2 49 16.5 66.6 13.9 10.7-1.6 32.8-13.4 37.4-26.4 4.6-13 4.6-24.1 3.2-26.4-1.3-2.5-5-3.9-10.5-6.6z\"><\/path><\/svg>\t\t\t\t\t\t<\/span>\n\t\t\t\t\t\t\t\t\t\t<span class=\"elementor-icon-list-text\">+40 (365) 082-041<\/span>\n\t\t\t\t\t\t\t\t\t\t\t<\/a>\n\t\t\t\t\t\t\t\t\t<\/li>\n\t\t\t\t\t\t\t\t<li class=\"elementor-icon-list-item\">\n\t\t\t\t\t\t\t\t\t\t\t<a href=\"tel:0040744304473\">\n\n\t\t\t\t\t\t\t\t\t\t\t\t<span class=\"elementor-icon-list-icon\">\n\t\t\t\t\t\t\t<svg aria-hidden=\"true\" class=\"e-font-icon-svg e-fab-whatsapp\" viewBox=\"0 0 448 512\" xmlns=\"http:\/\/www.w3.org\/2000\/svg\"><path d=\"M380.9 97.1C339 55.1 283.2 32 223.9 32c-122.4 0-222 99.6-222 222 0 39.1 10.2 77.3 29.6 111L0 480l117.7-30.9c32.4 17.7 68.9 27 106.1 27h.1c122.3 0 224.1-99.6 224.1-222 0-59.3-25.2-115-67.1-157zm-157 341.6c-33.2 0-65.7-8.9-94-25.7l-6.7-4-69.8 18.3L72 359.2l-4.4-7c-18.5-29.4-28.2-63.3-28.2-98.2 0-101.7 82.8-184.5 184.6-184.5 49.3 0 95.6 19.2 130.4 54.1 34.8 34.9 56.2 81.2 56.1 130.5 0 101.8-84.9 184.6-186.6 184.6zm101.2-138.2c-5.5-2.8-32.8-16.2-37.9-18-5.1-1.9-8.8-2.8-12.5 2.8-3.7 5.6-14.3 18-17.6 21.8-3.2 3.7-6.5 4.2-12 1.4-32.6-16.3-54-29.1-75.5-66-5.7-9.8 5.7-9.1 16.3-30.3 1.8-3.7.9-6.9-.5-9.7-1.4-2.8-12.5-30.1-17.1-41.2-4.5-10.8-9.1-9.3-12.5-9.5-3.2-.2-6.9-.2-10.6-.2-3.7 0-9.7 1.4-14.8 6.9-5.1 5.6-19.4 19-19.4 46.3 0 27.3 19.9 53.7 22.6 57.4 2.8 3.7 39.1 59.7 94.8 83.8 35.2 15.2 49 16.5 66.6 13.9 10.7-1.6 32.8-13.4 37.4-26.4 4.6-13 4.6-24.1 3.2-26.4-1.3-2.5-5-3.9-10.5-6.6z\"><\/path><\/svg>\t\t\t\t\t\t<\/span>\n\t\t\t\t\t\t\t\t\t\t<span class=\"elementor-icon-list-text\">+40 744 304 473<\/span>\n\t\t\t\t\t\t\t\t\t\t\t<\/a>\n\t\t\t\t\t\t\t\t\t<\/li>\n\t\t\t\t\t\t\t\t<li class=\"elementor-icon-list-item\">\n\t\t\t\t\t\t\t\t\t\t\t<a href=\"mailto:info@turulvilla.ro\">\n\n\t\t\t\t\t\t\t\t\t\t\t\t<span class=\"elementor-icon-list-icon\">\n\t\t\t\t\t\t\t<svg aria-hidden=\"true\" class=\"e-font-icon-svg e-far-envelope\" viewBox=\"0 0 512 512\" xmlns=\"http:\/\/www.w3.org\/2000\/svg\"><path d=\"M464 64H48C21.49 64 0 85.49 0 112v288c0 26.51 21.49 48 48 48h416c26.51 0 48-21.49 48-48V112c0-26.51-21.49-48-48-48zm0 48v40.805c-22.422 18.259-58.168 46.651-134.587 106.49-16.841 13.247-50.201 45.072-73.413 44.701-23.208.375-56.579-31.459-73.413-44.701C106.18 199.465 70.425 171.067 48 152.805V112h416zM48 400V214.398c22.914 18.251 55.409 43.862 104.938 82.646 21.857 17.205 60.134 55.186 103.062 54.955 42.717.231 80.509-37.199 103.053-54.947 49.528-38.783 82.032-64.401 104.947-82.653V400H48z\"><\/path><\/svg>\t\t\t\t\t\t<\/span>\n\t\t\t\t\t\t\t\t\t\t<span class=\"elementor-icon-list-text\">info@turulvilla.ro<\/span>\n\t\t\t\t\t\t\t\t\t\t\t<\/a>\n\t\t\t\t\t\t\t\t\t<\/li>\n\t\t\t\t\t\t<\/ul>\n\t\t\t\t\t\t<\/div>\n\t\t\t\t<\/div>\n\t\t\t\t<\/div>\n\t\t\t\t<\/div>\n\t\t\t\t<div class=\"elementor-element elementor-element-7f94f8a elementor-widget elementor-widget-button\" data-id=\"7f94f8a\" data-element_type=\"widget\" data-e-type=\"widget\" data-widget_type=\"button.default\">\n\t\t\t\t<div class=\"elementor-widget-container\">\n\t\t\t\t\t\t\t\t\t<div class=\"elementor-button-wrapper\">\n\t\t\t\t\t<a class=\"elementor-button elementor-button-link elementor-size-md\" href=\"\/foglalas\">\n\t\t\t\t\t\t<span class=\"elementor-button-content-wrapper\">\n\t\t\t\t\t\t\t\t\t<span class=\"elementor-button-text\">Foglal\u00e1s<\/span>\n\t\t\t\t\t<\/span>\n\t\t\t\t\t<\/a>\n\t\t\t\t<\/div>\n\t\t\t\t\t\t\t\t<\/div>\n\t\t\t\t<\/div>\n\t\t\t\t<\/div>\n\t\t\t\t\t<\/div>\n\t\t\t\t<\/div>\n\t\t\t\t<\/div>\n\t\t","protected":false},"excerpt":{"rendered":"<p>Turul Villa Az \u00e9p\u00fclet t\u00f6rt\u00e9nete A XIX. sz\u00e1zad fordul\u00f3j\u00e1n, az Aranypatak kisz\u00e1radt v\u00f6lgy\u00e9nek hely\u00e9n, a mai R\u00f3zs\u00e1k \u00fatj\u00e1nak Medve-t\u00f3 k\u00f6zeli szakasz\u00e1n \u00e9p\u00fcltek Szov\u00e1ta-f\u00fcrd\u0151telep legszebb mag\u00e1nvill\u00e1i.A Szov\u00e1ta arculat\u00e1t meghat\u00e1roz\u00f3 \u00e9p\u00fcletek k\u00f6z\u00fcl a Dessewffy-villa nemzeti romantikus st\u00edlusban, falazott szerkezettel \u00e9s fa f\u00f6d\u00e9mmel, 1906-ban \u00e9p\u00fclt.A villa els\u0151 tulajdonosa, \u00e9p\u00edttet\u0151je Dessewffy Arisztid volt.1930 ut\u00e1n ker\u00fclt Albert Klein szebeni tan\u00e1r [&hellip;]<\/p>\n","protected":false},"author":1,"featured_media":0,"parent":0,"menu_order":0,"comment_status":"closed","ping_status":"closed","template":"elementor_header_footer","meta":{"_acf_changed":false,"footnotes":""},"class_list":["post-416","page","type-page","status-publish","hentry"],"acf":[],"_links":{"self":[{"href":"https:\/\/turulvilla.ro\/hu\/wp-json\/wp\/v2\/pages\/416","targetHints":{"allow":["GET"]}}],"collection":[{"href":"https:\/\/turulvilla.ro\/hu\/wp-json\/wp\/v2\/pages"}],"about":[{"href":"https:\/\/turulvilla.ro\/hu\/wp-json\/wp\/v2\/types\/page"}],"author":[{"embeddable":true,"href":"https:\/\/turulvilla.ro\/hu\/wp-json\/wp\/v2\/users\/1"}],"replies":[{"embeddable":true,"href":"https:\/\/turulvilla.ro\/hu\/wp-json\/wp\/v2\/comments?post=416"}],"version-history":[{"count":109,"href":"https:\/\/turulvilla.ro\/hu\/wp-json\/wp\/v2\/pages\/416\/revisions"}],"predecessor-version":[{"id":3974,"href":"https:\/\/turulvilla.ro\/hu\/wp-json\/wp\/v2\/pages\/416\/revisions\/3974"}],"wp:attachment":[{"href":"https:\/\/turulvilla.ro\/hu\/wp-json\/wp\/v2\/media?parent=416"}],"curies":[{"name":"wp","href":"https:\/\/api.w.org\/{rel}","templated":true}]}}