{"id":3648,"date":"2024-09-30T08:01:14","date_gmt":"2024-09-30T05:01:14","guid":{"rendered":"https:\/\/turulvilla.ro\/?page_id=3648"},"modified":"2024-09-30T13:10:27","modified_gmt":"2024-09-30T10:10:27","slug":"ajanlatkeres","status":"publish","type":"page","link":"https:\/\/turulvilla.ro\/hu\/ajanlatkeres\/","title":{"rendered":"Aj\u00e1nlatk\u00e9r\u00e9s"},"content":{"rendered":"\t\t<div data-elementor-type=\"wp-page\" data-elementor-id=\"3648\" class=\"elementor elementor-3648\" data-elementor-post-type=\"page\">\n\t\t\t\t<div class=\"elementor-element elementor-element-ec9da63 e-flex e-con-boxed e-con e-parent\" data-id=\"ec9da63\" data-element_type=\"container\" data-e-type=\"container\" data-settings=\"{&quot;background_background&quot;:&quot;classic&quot;}\">\n\t\t\t\t\t<div class=\"e-con-inner\">\n\t\t<div class=\"elementor-element elementor-element-c05c563 e-con-full e-flex e-con e-child\" data-id=\"c05c563\" data-element_type=\"container\" data-e-type=\"container\">\n\t\t\t\t<div class=\"elementor-element elementor-element-cda437c elementor-widget__width-auto elementor-invisible elementor-widget elementor-widget-heading\" data-id=\"cda437c\" data-element_type=\"widget\" data-e-type=\"widget\" data-settings=\"{&quot;_animation&quot;:&quot;fadeInLeft&quot;}\" data-widget_type=\"heading.default\">\n\t\t\t\t<div class=\"elementor-widget-container\">\n\t\t\t\t\t<h2 class=\"elementor-heading-title elementor-size-default\">Aj\u00e1nlatk\u00e9r\u00e9s<\/h2>\t\t\t\t<\/div>\n\t\t\t\t<\/div>\n\t\t\t\t<\/div>\n\t\t\t\t\t<\/div>\n\t\t\t\t<\/div>\n\t\t<div class=\"elementor-element elementor-element-31d7a2d e-flex e-con-boxed e-con e-parent\" data-id=\"31d7a2d\" data-element_type=\"container\" data-e-type=\"container\">\n\t\t\t\t\t<div class=\"e-con-inner\">\n\t\t\t\t<div class=\"elementor-element elementor-element-08b09b5 elementor-widget elementor-widget-html\" data-id=\"08b09b5\" data-element_type=\"widget\" data-e-type=\"widget\" data-widget_type=\"html.default\">\n\t\t\t\t<div class=\"elementor-widget-container\">\n\t\t\t\t\t<script src=\"https:\/\/nethotelbooking.net\/embed.RESnWEB.js?id=ZSJAO\"><\/script>\t\t\t\t<\/div>\n\t\t\t\t<\/div>\n\t\t\t\t\t<\/div>\n\t\t\t\t<\/div>\n\t\t\t\t<\/div>\n\t\t","protected":false},"excerpt":{"rendered":"","protected":false},"author":1,"featured_media":0,"parent":0,"menu_order":0,"comment_status":"closed","ping_status":"closed","template":"","meta":{"_acf_changed":false,"footnotes":""},"class_list":["post-3648","page","type-page","status-publish","hentry"],"acf":[],"_links":{"self":[{"href":"https:\/\/turulvilla.ro\/hu\/wp-json\/wp\/v2\/pages\/3648","targetHints":{"allow":["GET"]}}],"collection":[{"href":"https:\/\/turulvilla.ro\/hu\/wp-json\/wp\/v2\/pages"}],"about":[{"href":"https:\/\/turulvilla.ro\/hu\/wp-json\/wp\/v2\/types\/page"}],"author":[{"embeddable":true,"href":"https:\/\/turulvilla.ro\/hu\/wp-json\/wp\/v2\/users\/1"}],"replies":[{"embeddable":true,"href":"https:\/\/turulvilla.ro\/hu\/wp-json\/wp\/v2\/comments?post=3648"}],"version-history":[{"count":7,"href":"https:\/\/turulvilla.ro\/hu\/wp-json\/wp\/v2\/pages\/3648\/revisions"}],"predecessor-version":[{"id":3671,"href":"https:\/\/turulvilla.ro\/hu\/wp-json\/wp\/v2\/pages\/3648\/revisions\/3671"}],"wp:attachment":[{"href":"https:\/\/turulvilla.ro\/hu\/wp-json\/wp\/v2\/media?parent=3648"}],"curies":[{"name":"wp","href":"https:\/\/api.w.org\/{rel}","templated":true}]}}