{"id":3315,"date":"2024-07-08T09:52:47","date_gmt":"2024-07-08T06:52:47","guid":{"rendered":"https:\/\/turulvilla.ro\/politica-de-cookies\/"},"modified":"2024-08-21T14:45:48","modified_gmt":"2024-08-21T11:45:48","slug":"politica-de-cookies","status":"publish","type":"page","link":"https:\/\/turulvilla.ro\/hu\/politica-de-cookies\/","title":{"rendered":"Cookie-kra vonatkoz\u00f3 szab\u00e1lyzat"},"content":{"rendered":"\t\t<div data-elementor-type=\"wp-page\" data-elementor-id=\"3315\" class=\"elementor elementor-3315 elementor-238\" data-elementor-post-type=\"page\">\n\t\t\t\t<div class=\"elementor-element elementor-element-7b61573 e-flex e-con-boxed e-con e-parent\" data-id=\"7b61573\" data-element_type=\"container\" data-e-type=\"container\">\n\t\t\t\t\t<div class=\"e-con-inner\">\n\t\t\t\t<div class=\"elementor-element elementor-element-aa43910 elementor-widget elementor-widget-heading\" data-id=\"aa43910\" data-element_type=\"widget\" data-e-type=\"widget\" data-widget_type=\"heading.default\">\n\t\t\t\t<div class=\"elementor-widget-container\">\n\t\t\t\t\t<h3 class=\"elementor-heading-title elementor-size-default\">Cookie-kra vonatkoz\u00f3 szab\u00e1lyzat<\/h3>\t\t\t\t<\/div>\n\t\t\t\t<\/div>\n\t\t\t\t<div class=\"elementor-element elementor-element-872557f elementor-widget elementor-widget-text-editor\" data-id=\"872557f\" data-element_type=\"widget\" data-e-type=\"widget\" data-widget_type=\"text-editor.default\">\n\t\t\t\t<div class=\"elementor-widget-container\">\n\t\t\t\t\t\t\t\t\t<p>TURUL TURISM SRL rom\u00e1n jogi szem\u00e9ly, sz\u00e9khelye: Szov\u00e1ta, R\u00f3zs\u00e1k \u00fatja 81. sz\u00e1m. A J26\/376\/2018 sz\u00e1m\u00fa C\u00e9gjegyz\u00e9kbe t\u00f6rt\u00e9n\u0151 bejegyz\u00e9sr\u0151l, mint adatkezel\u0151, k\u00fcldj\u00fck \u00d6nnek ezt a T\u00e1j\u00e9koztat\u00f3t, amely bemutatja, hogyan dolgozzuk fel \u00e9s v\u00e9dj\u00fck a szem\u00e9lyes adatokat.<\/p><p><strong>1. MI AZ A COOKIE F\u00c1JL, MILYEN C\u00c9LRA HASZN\u00c1LJA?<\/strong><\/p><p>Weboldalunk cookie-technol\u00f3gi\u00e1t haszn\u00e1l, hogy jobb \u00e9s szem\u00e9lyre szabott webszolg\u00e1ltat\u00e1st k\u00edn\u00e1ljon \u00d6nnek. A Weboldalunkon haszn\u00e1lt s\u00fcti f\u00e1jlok \u00e1ltal t\u00e1rolt adatok soha nem tartalmaznak olyan szem\u00e9lyes adatokat, amelyek alapj\u00e1n az egy\u00e9ni szem\u00e9lyazonoss\u00e1g meg\u00e1llap\u00edthat\u00f3.<\/p><p>A cookie egy kis sz\u00f6veges f\u00e1jl, amelyet az \u00d6n webb\u00f6ng\u00e9sz\u0151je t\u00e1rol \u00e9s\/vagy olvas a v\u00e9gk\u00e9sz\u00fcl\u00e9ke (pl. sz\u00e1m\u00edt\u00f3g\u00e9p, laptop vagy okostelefon) merevlemez\u00e9n, att\u00f3l f\u00fcgg\u0151en, hogy milyen webhelyeket l\u00e1togat meg. A cookie-k biztons\u00e1gosabb\u00e1 \u00e9s gyorsabb\u00e1 teszik a webhelyekkel val\u00f3 interakci\u00f3t, mert megjegyzik az \u00d6n be\u00e1ll\u00edt\u00e1sait (pl. bejelentkez\u00e9s, nyelv<\/p><p><strong>2. AZ IDE\u00c1LIS \u00dcGYF\u00c9L OLDAL\u00c1N HASZN\u00c1LT S\u00dcTI F\u00c1JLOK<\/strong><\/p><p>A cookie-f\u00e1jlok haszn\u00e1lat\u00e1nak funkci\u00f3ja \u00e9s c\u00e9lja alapj\u00e1n a k\u00f6vetkez\u0151 kateg\u00f3ri\u00e1kba sorolhat\u00f3k:<\/p><ul><li>A sz\u00fcks\u00e9ges cookie-f\u00e1jlok lehet\u0151v\u00e9 teszik a Weboldalon val\u00f3 navig\u00e1l\u00e1st \u00e9s annak alapvet\u0151 funkci\u00f3inak haszn\u00e1lat\u00e1t. \u00c1ltal\u00e1ban csak az \u00d6n \u00e1ltal v\u00e9grehajtott, szolg\u00e1ltat\u00e1sk\u00e9r\u00e9snek megfelel\u0151 m\u0171veletekre v\u00e1laszul ker\u00fclnek telep\u00edt\u00e9sre. Ezek a f\u00e1jlok n\u00e9lk\u00fcl\u00f6zhetetlenek a Weboldalak haszn\u00e1lat\u00e1hoz.<\/li><li>A marketing- \u00e9s c\u00e9lk\u00f6z\u00f6ns\u00e9g-azonos\u00edt\u00f3 cookie-f\u00e1jlok r\u00f6gz\u00edtik a weboldalunkon tett l\u00e1togat\u00e1s\u00e1t, a felkeresett oldalakat \u00e9s a megnyitott hivatkoz\u00e1sokat. Ezeket az inform\u00e1ci\u00f3kat arra fogjuk haszn\u00e1lni, hogy relev\u00e1nsabb hirdet\u00e9seket biztos\u00edtsunk a k\u00f6vetkez\u0151 sz\u00e1m\u00e1ra. Arra is haszn\u00e1lj\u00e1k \u0151ket, hogy korl\u00e1tozz\u00e1k a hirdet\u00e9sek megjelen\u00e9si gyakoris\u00e1g\u00e1t, \u00e9s seg\u00edts\u00e9k a rekl\u00e1mkamp\u00e1nyok hat\u00e9konys\u00e1g\u00e1nak m\u00e9r\u00e9s\u00e9t, ezeket az inform\u00e1ci\u00f3kat megoszthatjuk harmadik felekkel (p\u00e9ld\u00e1ul rekl\u00e1m\u00fcgyn\u00f6ks\u00e9gekkel) ebb\u0151l a c\u00e9lb\u00f3l. Ezen cookie-f\u00e1jlok lej\u00e1rati ideje legfeljebb 2 \u00e9v. A harmadik f\u00e9lt\u0151l sz\u00e1rmaz\u00f3 cookie-k lej\u00e1rati ideje v\u00e1ltozhat, \u00e9s bizonyos esetekben meghaladhatja a 2 \u00e9vet. A cookie-k e kateg\u00f3ri\u00e1j\u00e1val kapcsolatos tov\u00e1bbi r\u00e9szletek\u00e9rt az al\u00e1bbiakban tal\u00e1lhat inform\u00e1ci\u00f3kat a Google Analytics szolg\u00e1ltat\u00e1sr\u00f3l:<\/li><\/ul><p>\u00a0<\/p><p><strong>A Google Analytics<\/strong><\/p><p>Az \u00d6n preferenci\u00e1i szerint testreszabott hirdet\u00e9sek \u00e9s marketingtartalom fogad\u00e1sa \u00e9rdek\u00e9ben Weboldalunk a Google \u00e1ltal biztos\u00edtott DoubleClick for Publishers (DFP) \u00e9s Google Ad Exchange technol\u00f3gi\u00e1t haszn\u00e1lja. A cookie-f\u00e1jlok \u00e1ltal a Webhely \u00d6n \u00e1ltali haszn\u00e1lat\u00e1ra vonatkoz\u00f3 inform\u00e1ci\u00f3kat (bele\u00e9rtve az \u00d6n IP-c\u00edm\u00e9t) a Google tov\u00e1bb\u00edtja \u00e9s t\u00e1rolja olyan szervereken, amelyek az EU-ban, az EGT-ben \u00e9s\/vagy az Egyes\u00fclt \u00c1llamokban tal\u00e1lhat\u00f3k. Ezenk\u00edv\u00fcl a Google tov\u00e1bb\u00edthatja ezeket az inform\u00e1ci\u00f3kat harmadik feleknek, ha a t\u00f6rv\u00e9ny \u00e9rtelm\u00e9ben erre k\u00f6teless\u00e9ge van, vagy ha ezek a harmadik felek a Google nev\u00e9ben dolgozz\u00e1k fel az inform\u00e1ci\u00f3kat. A Google nem fogja t\u00e1rs\u00edtani az \u00d6n IP-c\u00edm\u00e9t a Google \u00e1ltal t\u00e1rolt egy\u00e9b adatokkal.<\/p><p>A Google Analytics szolg\u00e1ltat\u00e1ssal \u00e9s a szem\u00e9lyes adatok v\u00e9delm\u00e9vel kapcsolatos r\u00e9szletes inform\u00e1ci\u00f3k (bele\u00e9rtve a Google-nak k\u00fcld\u00f6tt inform\u00e1ci\u00f3k ellen\u0151rz\u00e9s\u00e9nek m\u00f3dj\u00e1t is) a k\u00f6vetkez\u0151 c\u00edmen tal\u00e1lhat\u00f3k: https:\/\/policies.google.com\/privacy\/partners<\/p><ul><li>A funkcionalit\u00e1si cookie-k arra szolg\u00e1lnak, hogy felismerj\u00e9k \u00d6nt, amikor visszat\u00e9r Weboldalunkra, \u00e9s lehet\u0151v\u00e9 teszik sz\u00e1munkra, hogy tov\u00e1bbfejlesztett \u00e9s szem\u00e9lyre szabottabb funkci\u00f3kat biztos\u00edtsunk, mint p\u00e9ld\u00e1ul a preferenci\u00e1inak eml\u00e9kez\u00e9se. Ezek a cookie-k n\u00e9vtelen inform\u00e1ci\u00f3kat gy\u0171jtenek, \u00e9s nem tudj\u00e1k nyomon k\u00f6vetni m\u00e1s webhelyeken val\u00f3 b\u00f6ng\u00e9sz\u00e9st. Ezen cookie-f\u00e1jlok lej\u00e1rati ideje legfeljebb 2 \u00e9v.<\/li><li>Az analitikai \u00e9s teljes\u00edtm\u00e9ny cookie-k lehet\u0151v\u00e9 teszik sz\u00e1munkra, hogy felismerj\u00fck \u00e9s megsz\u00e1moljuk a felhaszn\u00e1l\u00f3kat, valamint inform\u00e1ci\u00f3kat gy\u0171jts\u00fcnk a Weboldal haszn\u00e1lat\u00e1r\u00f3l (p\u00e9ld\u00e1ul a felhaszn\u00e1l\u00f3 \u00e1ltal leggyakrabban megnyitott oldalakr\u00f3l, \u00e9s ha hiba\u00fczeneteket kap bizonyos oldalakr\u00f3l). Ez seg\u00edt nek\u00fcnk Webhely\u00fcnk m\u0171k\u00f6d\u00e9s\u00e9nek jav\u00edt\u00e1s\u00e1ban. Ezen cookie-f\u00e1jlok lej\u00e1rati ideje legfeljebb 2 \u00e9v. A cookie-k e kateg\u00f3ri\u00e1j\u00e1val kapcsolatos tov\u00e1bbi r\u00e9szletek\u00e9rt az al\u00e1bbiakban tal\u00e1l inform\u00e1ci\u00f3kat;<\/li><\/ul><p>\u00a0<\/p><p>Weboldalaink a Google Analytics szolg\u00e1ltat\u00e1st, a Google \u00e1ltal biztos\u00edtott webelemz\u0151 szolg\u00e1ltat\u00e1st haszn\u00e1lj\u00e1k. A Google Analytics cookie-f\u00e1jlokat haszn\u00e1l, hogy seg\u00edtsen egy bizonyos webhelynek elemezni, hogyan haszn\u00e1lja az adott webhelyet. A cookie-f\u00e1jlok \u00e1ltal a Webhely \u00d6n \u00e1ltali haszn\u00e1lat\u00e1ra vonatkoz\u00f3 inform\u00e1ci\u00f3kat (bele\u00e9rtve az \u00d6n IP-c\u00edm\u00e9t) a Google tov\u00e1bb\u00edtja \u00e9s t\u00e1rolja olyan szervereken, amelyek az EU-ban, az EGT-ben \u00e9s\/vagy az Egyes\u00fclt \u00c1llamokban tal\u00e1lhat\u00f3k. A Google ezeket az inform\u00e1ci\u00f3kat a Webhely \u00d6n \u00e1ltali haszn\u00e1lat\u00e1nak \u00e9rt\u00e9kel\u00e9s\u00e9re, a Weboldal \u00fczemeltet\u0151i sz\u00e1m\u00e1ra a Webhelyen v\u00e9gzett tev\u00e9kenys\u00e9gekr\u0151l sz\u00f3l\u00f3 jelent\u00e9sek elk\u00e9sz\u00edt\u00e9s\u00e9re, valamint a Weboldal tev\u00e9kenys\u00e9g\u00e9vel \u00e9s az internethaszn\u00e1lattal kapcsolatos egy\u00e9b szolg\u00e1ltat\u00e1sok ny\u00fajt\u00e1s\u00e1ra haszn\u00e1lja fel. Ezenk\u00edv\u00fcl a Google tov\u00e1bb\u00edthatja ezeket az inform\u00e1ci\u00f3kat harmadik feleknek, ha a t\u00f6rv\u00e9ny \u00e9rtelm\u00e9ben erre k\u00f6teless\u00e9ge van, vagy ha ezek a harmadik felek a Google nev\u00e9ben dolgozz\u00e1k fel az inform\u00e1ci\u00f3kat. A Google nem fogja t\u00e1rs\u00edtani az \u00d6n IP-c\u00edm\u00e9t a Google \u00e1ltal t\u00e1rolt egy\u00e9b adatokkal.<\/p><p>Leiratkozhat a Google Analytics szolg\u00e1ltat\u00e1sr\u00f3l an\u00e9lk\u00fcl, hogy ez befoly\u00e1soln\u00e1 webhely\u00fcnk l\u00e1togat\u00e1s\u00e1nak m\u00f3dj\u00e1t.<\/p><p>A Google Analytics szolg\u00e1ltat\u00e1ssal \u00e9s a szem\u00e9lyes adatok v\u00e9delm\u00e9vel kapcsolatos r\u00e9szletes inform\u00e1ci\u00f3k (bele\u00e9rtve a Google-nak k\u00fcld\u00f6tt inform\u00e1ci\u00f3k ellen\u0151rz\u00e9s\u00e9nek m\u00f3dj\u00e1t is) a k\u00f6vetkez\u0151 c\u00edmen tal\u00e1lhat\u00f3k: https:\/\/policies.google.com\/privacy\/partners.<\/p><p>Az ilyen t\u00edpus\u00fa cookie-k \u00e1ltali megfigyel\u00e9s megakad\u00e1lyoz\u00e1sa \u00e9rdek\u00e9ben telep\u00edthet egy b\u0151v\u00edtm\u00e9nyt webb\u00f6ng\u00e9sz\u0151j\u00e9be (http:\/\/tools.google.com\/dlpage\/gaoptout).<\/p><p>Egy\u00e9b analitikai \u00e9s teljes\u00edtm\u00e9ny cookie-f\u00e1jlok:<\/p><ul><li>A k\u00f6z\u00f6ss\u00e9gi h\u00e1l\u00f3zati cookie-k lehet\u0151v\u00e9 teszik, hogy megossza tev\u00e9kenys\u00e9g\u00e9t a k\u00f6z\u00f6ss\u00e9gi h\u00e1l\u00f3zatokon, p\u00e9ld\u00e1ul a Facebookon \u00e9s a Twitteren, a webhelyen. Ezeket a cookie f\u00e1jlokat nem mi ellen\u0151rizz\u00fck. A cookie-k e kateg\u00f3ri\u00e1j\u00e1val kapcsolatos tov\u00e1bbi r\u00e9szletek\u00e9rt l\u00e1sd az al\u00e1bbi 6. szakaszt.<\/li><li>M\u00e1s t\u00edpus\u00fa cookie-f\u00e1jlok, amelyek k\u00e9s\u0151bb felhaszn\u00e1lhat\u00f3k. Friss\u00edtett ir\u00e1nyelveinken kereszt\u00fcl t\u00e1j\u00e9koztatjuk \u00d6nt, ha b\u00e1rmilyen m\u00e1s t\u00edpus\u00fa cookie-t haszn\u00e1lnak.<\/li><li>K\u00e9rj\u00fck, vegye figyelembe, hogy a TURUL TURISM SRL harmadik felek szolg\u00e1ltat\u00e1sait veszi ig\u00e9nybe, hogy inform\u00e1ci\u00f3kat szerezzen a Webhely\u00fcnk \u00d6n \u00e1ltali haszn\u00e1lat\u00e1r\u00f3l, hogy optimaliz\u00e1lja a felhaszn\u00e1l\u00f3i \u00e9lm\u00e9nyt, \u00e9s hogy webhelyeinken k\u00edv\u00fcli hirdet\u00e9seket mutasson be \u00d6nnek.<\/li><\/ul><p>\u00a0<\/p><p><strong>3. HOGYAN KEZELHET\u0150 A COOKIE F\u00c1JLOKAT<\/strong><\/p><p>A cookie-f\u00e1jlokkal kapcsolatos hozz\u00e1j\u00e1rul\u00e1s\u00e1t b\u00e1rmikor visszavonhatja. Ebb\u0151l a c\u00e9lb\u00f3l letilthatja vagy elt\u00e1vol\u00edthatja a cookie-kat ak\u00e1r webb\u00f6ng\u00e9sz\u0151je be\u00e1ll\u00edt\u00e1saiban, ak\u00e1r harmadik f\u00e9l \u00e1ltal biztos\u00edtott szoftver haszn\u00e1lat\u00e1val, vagy a cookie-kateg\u00f3ri\u00e1kra vonatkoz\u00f3, a k\u00f6vetkez\u0151 szakaszokban tal\u00e1lhat\u00f3 utas\u00edt\u00e1sok k\u00f6vet\u00e9s\u00e9vel. Mindenesetre probl\u00e9m\u00e1k mer\u00fclhetnek fel a weboldal egyes r\u00e9szeinek haszn\u00e1lat\u00e1val kapcsolatban, ha letiltja a cookie-kat.<\/p><p>Ha szeretn\u00e9 elt\u00e1vol\u00edtani az eszk\u00f6zein t\u00e1rolt cookie-f\u00e1jlokat, \u00e9s \u00fagy konfigur\u00e1lnia webb\u00f6ng\u00e9sz\u0151j\u00e9t, hogy megtagadja a cookie-kat, haszn\u00e1lhatja webb\u00f6ng\u00e9sz\u0151j\u00e9nek be\u00e1ll\u00edt\u00e1sait. A cookie-f\u00e1jlokkal kapcsolatos b\u00f6ng\u00e9sz\u0151be\u00e1ll\u00edt\u00e1sokat \u00e1ltal\u00e1ban a Weboldalaink el\u00e9r\u00e9s\u00e9hez haszn\u00e1lt webb\u00f6ng\u00e9sz\u0151 \u201eOpci\u00f3k\u201d, \u201eEszk\u00f6z\u00f6k\u201d vagy \u201eBe\u00e1ll\u00edt\u00e1sok\u201d men\u00fcj\u00e9ben tal\u00e1lhatja meg. A megl\u00e9v\u0151 webb\u00f6ng\u00e9sz\u0151kt\u0151l f\u00fcgg\u0151en k\u00fcl\u00f6nb\u00f6z\u0151 m\u00f3dok haszn\u00e1lhat\u00f3k a cookie-k letilt\u00e1s\u00e1ra. Tov\u00e1bbi inform\u00e1ci\u00f3\u00e9rt l\u00e1togassa meg b\u00f6ng\u00e9sz\u0151je webhely\u00e9t:<\/p><ul><li>Cookie-be\u00e1ll\u00edt\u00e1sok az Internet Explorerben \u2013 Internet Explorer;<\/li><li>Cookie-be\u00e1ll\u00edt\u00e1sok a Firefoxban \u2013 Firefox;<\/li><li>Cookie-be\u00e1ll\u00edt\u00e1sok a Chrome-ban \u2013 Chrome;<\/li><li>Cookie-be\u00e1ll\u00edt\u00e1sok a Safariban \u2013 Safari;<\/li><li>Cookie-be\u00e1ll\u00edt\u00e1sok az Edge-ben \u2013 Edge;<\/li><li>Cookie-be\u00e1ll\u00edt\u00e1sok az Opera-ban \u2013 Opera.<\/li><\/ul><p>\u00a0<\/p><p>Ha t\u00f6bbet szeretne megtudni a cookie-kr\u00f3l, l\u00e1togasson el a www.allaboutcookies.org oldalra vagy a www.youronlinechoices.eu webhelyre, amely tov\u00e1bbi inform\u00e1ci\u00f3kat tartalmaz a viselked\u00e9salap\u00fa hirdet\u00e9sekr\u0151l \u00e9s az online adatv\u00e9delemr\u0151l.<\/p><p><strong>4. SZOCI\u00c1LIS H\u00c1L\u00d3ZATOK S\u00dcTI F\u00c1JLOK<\/strong><\/p><p>Egyes webhelyeinken az ezeken a webhelyeken kereszt\u00fcl alkalmaz\u00e1sokat biztos\u00edt\u00f3 harmadik felek saj\u00e1t cookie-f\u00e1jlokat helyezhetnek el annak \u00e9rdek\u00e9ben, hogy figyelemmel k\u00eds\u00e9rj\u00e9k alkalmaz\u00e1saik teljes\u00edtm\u00e9ny\u00e9t, vagy szem\u00e9lyre szabhass\u00e1k ezeket az alkalmaz\u00e1sokat az \u00d6n sz\u00e1m\u00e1ra. P\u00e9ld\u00e1ul amikor egy cikket terjeszt egy megoszt\u00e1s gombbal a weboldalon el\u00e9rhet\u0151 k\u00f6z\u00f6ss\u00e9gi h\u00e1l\u00f3zatokon (pl. Facebook vagy Twitter), az adott gombhoz t\u00e1rs\u00edtott k\u00f6z\u00f6ss\u00e9gi h\u00e1l\u00f3zat r\u00f6gz\u00edti ezt. Egyes webhelyeken integr\u00e1lt (\u201ebe\u00e1gyazott\u201d) tartalom is lehet, p\u00e9ld\u00e1ul harmadik felek, p\u00e9ld\u00e1ul a YouTube vide\u00f3tartalma, \u00e9s ebben az esetben ezek a harmadik felek saj\u00e1t cookie-f\u00e1jlokat helyezhetnek el.<\/p><p>Az ilyen cookie-f\u00e1jlokhoz a TURUL TURISM SRL nem f\u00e9rhet hozz\u00e1.<\/p>\t\t\t\t\t\t\t\t<\/div>\n\t\t\t\t<\/div>\n\t\t\t\t\t<\/div>\n\t\t\t\t<\/div>\n\t\t\t\t<\/div>\n\t\t","protected":false},"excerpt":{"rendered":"<p>Cookie-kra vonatkoz\u00f3 szab\u00e1lyzat TURUL TURISM SRL rom\u00e1n jogi szem\u00e9ly, sz\u00e9khelye: Szov\u00e1ta, R\u00f3zs\u00e1k \u00fatja 81. sz\u00e1m. A J26\/376\/2018 sz\u00e1m\u00fa C\u00e9gjegyz\u00e9kbe t\u00f6rt\u00e9n\u0151 bejegyz\u00e9sr\u0151l, mint adatkezel\u0151, k\u00fcldj\u00fck \u00d6nnek ezt a T\u00e1j\u00e9koztat\u00f3t, amely bemutatja, hogyan dolgozzuk fel \u00e9s v\u00e9dj\u00fck a szem\u00e9lyes adatokat. 1. MI AZ A COOKIE F\u00c1JL, MILYEN C\u00c9LRA HASZN\u00c1LJA? Weboldalunk cookie-technol\u00f3gi\u00e1t haszn\u00e1l, hogy jobb \u00e9s szem\u00e9lyre szabott [&hellip;]<\/p>\n","protected":false},"author":1,"featured_media":0,"parent":0,"menu_order":0,"comment_status":"closed","ping_status":"closed","template":"","meta":{"_acf_changed":false,"footnotes":""},"class_list":["post-3315","page","type-page","status-publish","hentry"],"acf":[],"_links":{"self":[{"href":"https:\/\/turulvilla.ro\/hu\/wp-json\/wp\/v2\/pages\/3315","targetHints":{"allow":["GET"]}}],"collection":[{"href":"https:\/\/turulvilla.ro\/hu\/wp-json\/wp\/v2\/pages"}],"about":[{"href":"https:\/\/turulvilla.ro\/hu\/wp-json\/wp\/v2\/types\/page"}],"author":[{"embeddable":true,"href":"https:\/\/turulvilla.ro\/hu\/wp-json\/wp\/v2\/users\/1"}],"replies":[{"embeddable":true,"href":"https:\/\/turulvilla.ro\/hu\/wp-json\/wp\/v2\/comments?post=3315"}],"version-history":[{"count":9,"href":"https:\/\/turulvilla.ro\/hu\/wp-json\/wp\/v2\/pages\/3315\/revisions"}],"predecessor-version":[{"id":3348,"href":"https:\/\/turulvilla.ro\/hu\/wp-json\/wp\/v2\/pages\/3315\/revisions\/3348"}],"wp:attachment":[{"href":"https:\/\/turulvilla.ro\/hu\/wp-json\/wp\/v2\/media?parent=3315"}],"curies":[{"name":"wp","href":"https:\/\/api.w.org\/{rel}","templated":true}]}}